{"id":3218,"date":"2024-11-03T16:50:41","date_gmt":"2024-11-03T15:50:41","guid":{"rendered":"https:\/\/menneteaudeduit.fr\/?page_id=3218"},"modified":"2024-11-03T17:37:10","modified_gmt":"2024-11-03T16:37:10","slug":"elementor-3218","status":"publish","type":"page","link":"https:\/\/menneteaudeduit.fr\/index.php\/elementor-3218\/","title":{"rendered":"Association Vivre En Douceur &#8211; VED"},"content":{"rendered":"\t\t<div data-elementor-type=\"wp-page\" data-elementor-id=\"3218\" class=\"elementor elementor-3218\">\n\t\t\t\t\t\t<section class=\"elementor-section elementor-top-section elementor-element elementor-element-02ce207 elementor-section-boxed elementor-section-height-default elementor-section-height-default\" data-id=\"02ce207\" data-element_type=\"section\">\n\t\t\t\t\t\t<div class=\"elementor-container elementor-column-gap-default\">\n\t\t\t\t\t<div class=\"elementor-column elementor-col-100 elementor-top-column elementor-element elementor-element-7c056c3\" data-id=\"7c056c3\" data-element_type=\"column\">\n\t\t\t<div class=\"elementor-widget-wrap elementor-element-populated\">\n\t\t\t\t\t\t<div class=\"elementor-element elementor-element-b143ab5 elementor-widget elementor-widget-image\" data-id=\"b143ab5\" data-element_type=\"widget\" data-widget_type=\"image.default\">\n\t\t\t\t<div class=\"elementor-widget-container\">\n\t\t\t<style>\/*! elementor - v3.21.0 - 26-05-2024 *\/\n.elementor-widget-image{text-align:center}.elementor-widget-image a{display:inline-block}.elementor-widget-image a img[src$=\".svg\"]{width:48px}.elementor-widget-image img{vertical-align:middle;display:inline-block}<\/style>\t\t\t\t\t\t\t\t\t\t<img fetchpriority=\"high\" decoding=\"async\" width=\"768\" height=\"345\" src=\"https:\/\/menneteaudeduit.fr\/wp-content\/uploads\/2024\/11\/VED-Wordpress-768x345.png\" class=\"attachment-medium_large size-medium_large wp-image-3246\" alt=\"\" srcset=\"https:\/\/menneteaudeduit.fr\/wp-content\/uploads\/2024\/11\/VED-Wordpress-768x345.png 768w, https:\/\/menneteaudeduit.fr\/wp-content\/uploads\/2024\/11\/VED-Wordpress-300x135.png 300w, https:\/\/menneteaudeduit.fr\/wp-content\/uploads\/2024\/11\/VED-Wordpress-1024x460.png 1024w, https:\/\/menneteaudeduit.fr\/wp-content\/uploads\/2024\/11\/VED-Wordpress-1536x691.png 1536w, https:\/\/menneteaudeduit.fr\/wp-content\/uploads\/2024\/11\/VED-Wordpress-2048x921.png 2048w\" sizes=\"(max-width: 768px) 100vw, 768px\" \/>\t\t\t\t\t\t\t\t\t\t\t\t\t<\/div>\n\t\t\t\t<\/div>\n\t\t\t\t\t<\/div>\n\t\t<\/div>\n\t\t\t\t\t<\/div>\n\t\t<\/section>\n\t\t\t\t<section class=\"elementor-section elementor-top-section elementor-element elementor-element-61adecb elementor-section-boxed elementor-section-height-default elementor-section-height-default\" data-id=\"61adecb\" data-element_type=\"section\">\n\t\t\t\t\t\t<div class=\"elementor-container elementor-column-gap-default\">\n\t\t\t\t\t<div class=\"elementor-column elementor-col-100 elementor-top-column elementor-element elementor-element-efe3cf0\" data-id=\"efe3cf0\" data-element_type=\"column\">\n\t\t\t<div class=\"elementor-widget-wrap elementor-element-populated\">\n\t\t\t\t\t\t<div class=\"elementor-element elementor-element-1e7b727 elementor-widget elementor-widget-image\" data-id=\"1e7b727\" data-element_type=\"widget\" data-widget_type=\"image.default\">\n\t\t\t\t<div class=\"elementor-widget-container\">\n\t\t\t\t\t\t\t\t\t\t\t\t\t<img decoding=\"async\" width=\"768\" height=\"364\" src=\"https:\/\/menneteaudeduit.fr\/wp-content\/uploads\/2024\/11\/Capture-decran-2024-11-03-a-17.19.47-768x364.png\" class=\"attachment-medium_large size-medium_large wp-image-3228\" alt=\"\" srcset=\"https:\/\/menneteaudeduit.fr\/wp-content\/uploads\/2024\/11\/Capture-decran-2024-11-03-a-17.19.47-768x364.png 768w, https:\/\/menneteaudeduit.fr\/wp-content\/uploads\/2024\/11\/Capture-decran-2024-11-03-a-17.19.47-300x142.png 300w, https:\/\/menneteaudeduit.fr\/wp-content\/uploads\/2024\/11\/Capture-decran-2024-11-03-a-17.19.47-1024x485.png 1024w, https:\/\/menneteaudeduit.fr\/wp-content\/uploads\/2024\/11\/Capture-decran-2024-11-03-a-17.19.47.png 1246w\" sizes=\"(max-width: 768px) 100vw, 768px\" \/>\t\t\t\t\t\t\t\t\t\t\t\t\t<\/div>\n\t\t\t\t<\/div>\n\t\t\t\t\t<\/div>\n\t\t<\/div>\n\t\t\t\t\t<\/div>\n\t\t<\/section>\n\t\t\t\t<section class=\"elementor-section elementor-top-section elementor-element elementor-element-e78bcf2 elementor-section-boxed elementor-section-height-default elementor-section-height-default\" data-id=\"e78bcf2\" data-element_type=\"section\">\n\t\t\t\t\t\t<div class=\"elementor-container elementor-column-gap-default\">\n\t\t\t\t\t<div class=\"elementor-column elementor-col-100 elementor-top-column elementor-element elementor-element-41fa82c\" data-id=\"41fa82c\" data-element_type=\"column\">\n\t\t\t<div class=\"elementor-widget-wrap elementor-element-populated\">\n\t\t\t\t\t\t<div class=\"elementor-element elementor-element-1bbded3 elementor-widget elementor-widget-heading\" data-id=\"1bbded3\" data-element_type=\"widget\" data-widget_type=\"heading.default\">\n\t\t\t\t<div class=\"elementor-widget-container\">\n\t\t\t<style>\/*! elementor - v3.21.0 - 26-05-2024 *\/\n.elementor-heading-title{padding:0;margin:0;line-height:1}.elementor-widget-heading .elementor-heading-title[class*=elementor-size-]>a{color:inherit;font-size:inherit;line-height:inherit}.elementor-widget-heading .elementor-heading-title.elementor-size-small{font-size:15px}.elementor-widget-heading .elementor-heading-title.elementor-size-medium{font-size:19px}.elementor-widget-heading .elementor-heading-title.elementor-size-large{font-size:29px}.elementor-widget-heading .elementor-heading-title.elementor-size-xl{font-size:39px}.elementor-widget-heading .elementor-heading-title.elementor-size-xxl{font-size:59px}<\/style><h5 class=\"elementor-heading-title elementor-size-default\">Samedi 23 Novembre 2024 - 14h \u00e0 17h30<\/h5>\t\t<\/div>\n\t\t\t\t<\/div>\n\t\t\t\t\t<\/div>\n\t\t<\/div>\n\t\t\t\t\t<\/div>\n\t\t<\/section>\n\t\t\t\t<section class=\"elementor-section elementor-top-section elementor-element elementor-element-1fada81 elementor-section-boxed elementor-section-height-default elementor-section-height-default\" data-id=\"1fada81\" data-element_type=\"section\">\n\t\t\t\t\t\t<div class=\"elementor-container elementor-column-gap-default\">\n\t\t\t\t\t<div class=\"elementor-column elementor-col-100 elementor-top-column elementor-element elementor-element-c89fa65\" data-id=\"c89fa65\" data-element_type=\"column\">\n\t\t\t<div class=\"elementor-widget-wrap elementor-element-populated\">\n\t\t\t\t\t\t<div class=\"elementor-element elementor-element-dcf7cd9 elementor-widget elementor-widget-text-editor\" data-id=\"dcf7cd9\" data-element_type=\"widget\" data-widget_type=\"text-editor.default\">\n\t\t\t\t<div class=\"elementor-widget-container\">\n\t\t\t<style>\/*! elementor - v3.21.0 - 26-05-2024 *\/\n.elementor-widget-text-editor.elementor-drop-cap-view-stacked .elementor-drop-cap{background-color:#69727d;color:#fff}.elementor-widget-text-editor.elementor-drop-cap-view-framed .elementor-drop-cap{color:#69727d;border:3px solid;background-color:transparent}.elementor-widget-text-editor:not(.elementor-drop-cap-view-default) .elementor-drop-cap{margin-top:8px}.elementor-widget-text-editor:not(.elementor-drop-cap-view-default) .elementor-drop-cap-letter{width:1em;height:1em}.elementor-widget-text-editor .elementor-drop-cap{float:left;text-align:center;line-height:1;font-size:50px}.elementor-widget-text-editor .elementor-drop-cap-letter{display:inline-block}<\/style>\t\t\t\t<p>L\u2019association Vivre En Douceur organise une rencontre \u00ab\u00a0Pause Bien-\u00eatre et douceur automnale\u00a0\u00bb \u00e0 son si\u00e8ge social : 28 Rue Louis Daquin \u00e0 BOURGES.<\/p><p>Au programme : Relaxation, rire, exercices \u00ab\u00a0pour ou contre\u00a0\u00bb, pause respiration, \u00e9coute philo-musicale de saison et tirage au sort des meilleures r\u00e9ponses au jeu \u00ab\u00a0Message d\u2019automne cod\u00e9\u00a0\u00bbSi le temps le permet Marie-France, professeur de yoga-relaxation et moi-m\u00eame psycho-praticienne analytique nous vous proposerons un temps de relaxation-visualisation en plein air.Nous terminerons par un go\u00fbter et des boissons chaudes automnales confectionn\u00e9s et offerts par l\u2019association.Avant de nous s\u00e9parer nous proc\u00e8derons au tirage du jeu \u00ab d\u00e9cryptage d\u2019un message d\u2019automne cod\u00e9 \u00bb mis en ligne sur notre page Facebook : Association Vivre En Douceur.<\/p><p><b>R\u00e8gles du jeu<span class=\"Apple-converted-space\">\u00a0 <\/span>\u00ab\u00a0Message d\u2019automne cod\u00e9\u00a0\u00bb<\/b><\/p><p>D\u00e9crypter le message qui se cachent derri\u00e8re les images accompagnant cette publication, le message est \u00e0 lire de gauche \u00e0 droite, et tentez de gagner une s\u00e9ance Bien-\u00eatre avec Fatiha, notre partenaire, th\u00e9rapeute \u00e9nerg\u00e9tique. Elle vous offrira un soin Tajiwuxigong et un massage Buqi Tuina d\u2019une dur\u00e9e d\u20191h et d\u2019une valeur de 40\u20ac.Pour participer \u00e0 ce jeu :<\/p><ul><li>vous devez \u00eatre adh\u00e9rent(e) \u00e0 Vivre En Douceur, 25\u20ac pour la saison 2024- 2025 et transmettre votre r\u00e9ponse \u00e0 l\u2019\u00e9nigme.<\/li><li><b>ou<\/b> participer \u00e0 l\u2019atelier \u00ab\u00a0Pause Bien-\u00eatre et douceur d\u2019automne\u00a0\u00bb du 23 novembre prochain dont la participation est de 10 \u20ac pour les adh\u00e9rent(e)s et de 15 \u20ac pour les non-adh\u00e9rent(e)s.<\/li><\/ul><p>Tarifs :<\/p><p>Adh\u00e9rent(e) : 10 \u20ac \u00a0 \u00a0 \u00a0 \u00a0 \u00a0 \u00a0 \u00a0 Non adh\u00e9rent(e) : 15 \u20ac<\/p><p>Merci de proc\u00e9der \u00e0 votre r\u00e9servation \u00e0 cette rencontre en cliquant sur le lien suivant :<\/p><p>Adh\u00e9sion 2024 &#8211; 2025 : 25 \u20ac<\/p><p>Mail : <a href=\"mailto:vivreendouceur@gmail.com\">vivreendouceur@gmail.com. \u00a0 \u00a0 \u00a0 \u00a0 \u00a0 \u00a0 \u00a0 \u00a0 \u00a0 \u00a0 \u00a0 \u00a0 \u00a0 \u00a0 \u00a0 \u00a0 \u00a0<\/a>Tel : 06 83 28 98 36<\/p>\t\t\t\t\t\t<\/div>\n\t\t\t\t<\/div>\n\t\t\t\t<div class=\"elementor-element elementor-element-618e08b elementor-widget elementor-widget-button\" data-id=\"618e08b\" data-element_type=\"widget\" data-widget_type=\"button.default\">\n\t\t\t\t<div class=\"elementor-widget-container\">\n\t\t\t\t\t<div class=\"elementor-button-wrapper\">\n\t\t\t<a class=\"elementor-button elementor-button-link elementor-size-sm\" href=\"https:\/\/menneteaudeduit.fr\/wp-content\/uploads\/2024\/11\/VED-Pause-automnale-2024-.pdf\">\n\t\t\t\t\t\t<span class=\"elementor-button-content-wrapper\">\n\t\t\t\t\t\t\t\t\t<span class=\"elementor-button-text\">Pour s'inscrire<\/span>\n\t\t\t\t\t<\/span>\n\t\t\t\t\t<\/a>\n\t\t<\/div>\n\t\t\t\t<\/div>\n\t\t\t\t<\/div>\n\t\t\t\t\t<\/div>\n\t\t<\/div>\n\t\t\t\t\t<\/div>\n\t\t<\/section>\n\t\t\t\t<\/div>\n\t\t","protected":false},"excerpt":{"rendered":"<p>Samedi 23 Novembre 2024 &#8211; 14h \u00e0 17h30 L\u2019association Vivre En Douceur organise une rencontre \u00ab\u00a0Pause Bien-\u00eatre et douceur automnale\u00a0\u00bb \u00e0 son si\u00e8ge social : 28 Rue Louis Daquin \u00e0 BOURGES. Au programme : Relaxation, rire, exercices \u00ab\u00a0pour ou contre\u00a0\u00bb, pause respiration, \u00e9coute philo-musicale de saison et tirage au sort des meilleures r\u00e9ponses au jeu&hellip;&nbsp;<a href=\"https:\/\/menneteaudeduit.fr\/index.php\/elementor-3218\/\" class=\"\" rel=\"bookmark\">Lire la suite &raquo;<span class=\"screen-reader-text\">Association Vivre En Douceur &#8211; VED<\/span><\/a><\/p>\n","protected":false},"author":2,"featured_media":0,"parent":0,"menu_order":0,"comment_status":"closed","ping_status":"closed","template":"page-templates\/template-pagebuilder-full-width.php","meta":{"neve_meta_sidebar":"","neve_meta_container":"","neve_meta_enable_content_width":"","neve_meta_content_width":0,"neve_meta_title_alignment":"","neve_meta_author_avatar":"","neve_post_elements_order":"","neve_meta_disable_header":"","neve_meta_disable_footer":"","neve_meta_disable_title":"","footnotes":""},"_links":{"self":[{"href":"https:\/\/menneteaudeduit.fr\/index.php\/wp-json\/wp\/v2\/pages\/3218"}],"collection":[{"href":"https:\/\/menneteaudeduit.fr\/index.php\/wp-json\/wp\/v2\/pages"}],"about":[{"href":"https:\/\/menneteaudeduit.fr\/index.php\/wp-json\/wp\/v2\/types\/page"}],"author":[{"embeddable":true,"href":"https:\/\/menneteaudeduit.fr\/index.php\/wp-json\/wp\/v2\/users\/2"}],"replies":[{"embeddable":true,"href":"https:\/\/menneteaudeduit.fr\/index.php\/wp-json\/wp\/v2\/comments?post=3218"}],"version-history":[{"count":29,"href":"https:\/\/menneteaudeduit.fr\/index.php\/wp-json\/wp\/v2\/pages\/3218\/revisions"}],"predecessor-version":[{"id":3255,"href":"https:\/\/menneteaudeduit.fr\/index.php\/wp-json\/wp\/v2\/pages\/3218\/revisions\/3255"}],"wp:attachment":[{"href":"https:\/\/menneteaudeduit.fr\/index.php\/wp-json\/wp\/v2\/media?parent=3218"}],"curies":[{"name":"wp","href":"https:\/\/api.w.org\/{rel}","templated":true}]}}