{"id":708,"date":"2023-01-20T17:58:34","date_gmt":"2023-01-20T16:58:34","guid":{"rendered":"https:\/\/menneteaudeduit.fr\/?page_id=708"},"modified":"2023-12-11T21:31:40","modified_gmt":"2023-12-11T20:31:40","slug":"formation-tarot-de-marseille-therapeutique","status":"publish","type":"page","link":"https:\/\/menneteaudeduit.fr\/index.php\/formations-et-ateliers-en-cours\/formation-tarot-de-marseille-therapeutique\/","title":{"rendered":"Formations \u00ab\u00a06 H CHRONO\u00a0\u00bb"},"content":{"rendered":"\t\t<div data-elementor-type=\"wp-page\" data-elementor-id=\"708\" class=\"elementor elementor-708\">\n\t\t\t\t\t\t<section class=\"elementor-section elementor-top-section elementor-element elementor-element-999752a elementor-section-boxed elementor-section-height-default elementor-section-height-default\" data-id=\"999752a\" data-element_type=\"section\">\n\t\t\t\t\t\t<div class=\"elementor-container elementor-column-gap-default\">\n\t\t\t\t\t<div class=\"elementor-column elementor-col-100 elementor-top-column elementor-element elementor-element-dd54ba9\" data-id=\"dd54ba9\" data-element_type=\"column\">\n\t\t\t<div class=\"elementor-widget-wrap elementor-element-populated\">\n\t\t\t\t\t\t<div class=\"elementor-element elementor-element-767a4c6 elementor-widget elementor-widget-image\" data-id=\"767a4c6\" data-element_type=\"widget\" data-widget_type=\"image.default\">\n\t\t\t\t<div class=\"elementor-widget-container\">\n\t\t\t<style>\/*! elementor - v3.21.0 - 26-05-2024 *\/\n.elementor-widget-image{text-align:center}.elementor-widget-image a{display:inline-block}.elementor-widget-image a img[src$=\".svg\"]{width:48px}.elementor-widget-image img{vertical-align:middle;display:inline-block}<\/style>\t\t\t\t\t\t\t\t\t\t<img fetchpriority=\"high\" decoding=\"async\" width=\"1024\" height=\"695\" src=\"https:\/\/menneteaudeduit.fr\/wp-content\/uploads\/2023\/12\/Capture-decran-2023-12-08-a-14.55.51-1024x695.png\" class=\"attachment-large size-large wp-image-2939\" alt=\"\" srcset=\"https:\/\/menneteaudeduit.fr\/wp-content\/uploads\/2023\/12\/Capture-decran-2023-12-08-a-14.55.51-1024x695.png 1024w, https:\/\/menneteaudeduit.fr\/wp-content\/uploads\/2023\/12\/Capture-decran-2023-12-08-a-14.55.51-300x204.png 300w, https:\/\/menneteaudeduit.fr\/wp-content\/uploads\/2023\/12\/Capture-decran-2023-12-08-a-14.55.51-768x521.png 768w, https:\/\/menneteaudeduit.fr\/wp-content\/uploads\/2023\/12\/Capture-decran-2023-12-08-a-14.55.51-1536x1043.png 1536w, https:\/\/menneteaudeduit.fr\/wp-content\/uploads\/2023\/12\/Capture-decran-2023-12-08-a-14.55.51.png 1768w\" sizes=\"(max-width: 1024px) 100vw, 1024px\" \/>\t\t\t\t\t\t\t\t\t\t\t\t\t<\/div>\n\t\t\t\t<\/div>\n\t\t\t\t\t<\/div>\n\t\t<\/div>\n\t\t\t\t\t<\/div>\n\t\t<\/section>\n\t\t\t\t<section class=\"elementor-section elementor-top-section elementor-element elementor-element-b78ad34 elementor-section-boxed elementor-section-height-default elementor-section-height-default\" data-id=\"b78ad34\" data-element_type=\"section\">\n\t\t\t\t\t\t<div class=\"elementor-container elementor-column-gap-default\">\n\t\t\t\t\t<div class=\"elementor-column elementor-col-100 elementor-top-column elementor-element elementor-element-0a4eaee\" data-id=\"0a4eaee\" data-element_type=\"column\">\n\t\t\t<div class=\"elementor-widget-wrap elementor-element-populated\">\n\t\t\t\t\t\t<div class=\"elementor-element elementor-element-b19c98e elementor-widget elementor-widget-text-editor\" data-id=\"b19c98e\" data-element_type=\"widget\" data-widget_type=\"text-editor.default\">\n\t\t\t\t<div class=\"elementor-widget-container\">\n\t\t\t<style>\/*! elementor - v3.21.0 - 26-05-2024 *\/\n.elementor-widget-text-editor.elementor-drop-cap-view-stacked .elementor-drop-cap{background-color:#69727d;color:#fff}.elementor-widget-text-editor.elementor-drop-cap-view-framed .elementor-drop-cap{color:#69727d;border:3px solid;background-color:transparent}.elementor-widget-text-editor:not(.elementor-drop-cap-view-default) .elementor-drop-cap{margin-top:8px}.elementor-widget-text-editor:not(.elementor-drop-cap-view-default) .elementor-drop-cap-letter{width:1em;height:1em}.elementor-widget-text-editor .elementor-drop-cap{float:left;text-align:center;line-height:1;font-size:50px}.elementor-widget-text-editor .elementor-drop-cap-letter{display:inline-block}<\/style>\t\t\t\t<h4 style=\"font-weight: 400;\"><strong>\u00ab&nbsp;6H CHRONO pour mettre le focus sur soi \u00bb <\/strong><\/h4>\n<h5 style=\"font-weight: 400;\"><strong><em>Inscription au plus tard le 30 janvier 2024<\/em><\/strong><\/h5>\n<p style=\"font-weight: 400;\">Durant ces 6 heures, Marie-France Cornavin, professeur de yoga et m\u00e9ditation et Martine MENNETEAU-DEDUIT, psychopraticienne analytique, intervenantes en formations, vous accompagneront dans le d\u00e9veloppement de votre arbre de personnalit\u00e9.<\/p>\n<p style=\"font-weight: 400;\"><strong>&nbsp;<\/strong><strong>PR\u00c9SENTATION DU STAGE<\/strong><\/p>\n<p style=\"font-weight: 400;\"><strong>&nbsp;<\/strong>Ce stage vous surprendra par sa fluidit\u00e9 et vous apportera des outils indispensables \u00e0 l\u2019accompagnement d\u2019une personne quelle que soit sa probl\u00e9matique relationnelle. Il s\u2019agit d\u2019un enseignement bas\u00e9 sur une m\u00e9thode de p\u00e9dagogie dynamique et interactive \u00e0 la fois individuelle et collective r\u00e9unissant : th\u00e9orie, pratique et temps de relaxation-m\u00e9ditation cr\u00e9ative, th\u00e9rapeutique et analytique.&nbsp;Vous travaillerez dans la bienveillance, l\u2019humour et le partage.<\/p>\n<p style=\"font-weight: 400;\"><strong>PUBLIC<\/strong><\/p>\n<p style=\"font-weight: 400;\">Vous \u00eates particulier, professionnel de la communication, du management ? Vous souhaitez en savoir plus sur vous&nbsp;ou mieux comprendre les personnes de votre entourage&nbsp;? Vous \u00eates th\u00e9rapeute et vous voulez d\u00e9velopper des comp\u00e9tences \u00e9motionnelles indispensables \u00e0 une prise en charge psychologique efficace, optimiste et bienveillante&nbsp;de vos patients ? Vous voulez renforcer votre empathie, votre \u00e9coute active, votre intuition ? Cette formation est faite pour vous&nbsp;!<\/p>\n<p style=\"font-weight: 400;\"><strong>PROGRAMME DU STAGE<\/strong><\/p>\n<p style=\"font-weight: 400;\">\u00c9couter le langage de l\u2019inconscient, restituer, analyser et transformer ses \u00e9motions et&nbsp;sentiments de mani\u00e8re optimiste. \u00c9couter ses \u00e9motions, d\u00e9velopper sa bienveillance envers soi-m\u00eame. \u00c9couter et entendre son intuition, renforcer son potentiel&nbsp;\u00e9motionnel et sa personnalit\u00e9 profonde.<\/p>\n<p style=\"font-weight: 400;\"><strong>&nbsp;<\/strong><strong>LES ACTIVITES<\/strong><\/p>\n<ul>\n<li>Vous construirez et analyserez votre arbre de personnalit\u00e9&nbsp;: racines, tronc, branches, feuilles, fruits<\/li>\n<li>Vous ferez l\u2019exp\u00e9rience du r\u00eave \u00e9veill\u00e9 libre et d\u00e9couvrirez les symboles th\u00e9rapeutiques et transformateurs de votre inconscient.<\/li>\n<li>Vous vivrez une guidance m\u00e9taphorique apaisante et r\u00e9paratrice.&nbsp;<\/li>\n<li>Vous partagerez une hypno-R\u00e9sonance en lien avec votre arbre de personnalit\u00e9 en rep\u00e9rant le poids des mots gr\u00e2ce \u00e0 la langue des oiseaux th\u00e9rapeutique.<\/li>\n<li>Vous apprendrez \u00e0 utiliser la version optimiste des mots et \u00e9motions pour am\u00e9liorer une situation propos\u00e9e collectivement et proc\u00e8derez \u00e0 l\u2019analyse th\u00e9rapeutique des ressentis individuels et collectifs des participants.<\/li>\n<\/ul>\n<p style=\"font-weight: 400;\">A l\u2019issue de ces 6h CHRONO \u00e0 la construction et au d\u00e9veloppement de votre arbre de personnalit\u00e9, vous serez pr\u00eat(e) \u00e0 poursuivre votre chemin de vie avec optimisme et d\u00e9termination.<\/p>\n<p style=\"font-weight: 400;\"><strong>&nbsp;<\/strong><strong>PUBLIC <\/strong><strong>CONCERNE&nbsp;: <\/strong>Tous publics&nbsp;: entreprises, associations, particuliers, professionnels, etc.<\/p>\n<p style=\"font-weight: 400;\"><strong>PRE-REQUIS<\/strong>&nbsp;: aucun<\/p>\n<p style=\"font-weight: 400;\"><strong>LIEU DU STAGE&nbsp;:<\/strong> BOURGES \u2013 28 rue Louis DAQUIN<\/p>\n<p style=\"font-weight: 400;\"><strong>DUREE DU STAGE&nbsp;:<\/strong> 6 H&nbsp;: Horaires&nbsp;: 10h &#8211; 12h30 \/ 13h30 \u2013 17h<\/p>\n<p style=\"font-weight: 400;\"><strong>TARIFS&nbsp;<\/strong><em>(selon adh\u00e9sion \u00e0 l\u2019association \u00ab&nbsp;Vivre en Douceur \u2013 25 \u20ac &#8211; saison 2023-2024 \u2013<\/em><em> tarif privil\u00e9gi\u00e9 <\/em><em>sur pr\u00e9sentation de la carte d\u2019adh\u00e9rent<\/em><em>)<\/em><\/p>\n<p style=\"font-weight: 400;\">Adh\u00e9rent VED&nbsp;: 75\u20ac&nbsp;&nbsp;&nbsp;&nbsp;&nbsp;&nbsp;&nbsp;&nbsp;&nbsp;&nbsp;&nbsp;&nbsp;&nbsp;&nbsp;&nbsp;&nbsp;&nbsp;&nbsp;&nbsp;&nbsp;&nbsp;&nbsp;&nbsp;&nbsp;&nbsp; Non adh\u00e9rent&nbsp;: 120\u20ac<\/p>\n<p style=\"font-weight: 400;\"><em><u>Ce tarif comprend&nbsp;<\/u><\/em><\/p>\n<ul>\n<li>6H de formation&nbsp;<\/li>\n<li>Les pauses caf\u00e9 \/ th\u00e9 gourmands<\/li>\n<\/ul>\n<p style=\"font-weight: 400;\"><em>Ce tarif ne comprend pas le d\u00e9jeuner propos\u00e9, collectif. Chaque participant peut apporter son panier-repas \u2013 Frigo et micro-onde \u00e0 disposition pour r\u00e9chauffer les plats.<\/em><\/p>\n<p style=\"font-weight: 400;\"><strong>Sur inscription uniquement ! Les places \u00e9tant limit\u00e9es \u00e0 10 personnes votre r\u00e9ponse est attendue au plus tard le 30 janvier 2024.<\/strong><\/p>\n<p style=\"font-weight: 400;\"><strong>&nbsp;<\/strong>+ d\u2019infos&nbsp;: vivreendouceur@gmail.com &nbsp; &nbsp;&nbsp;&nbsp;&nbsp;&nbsp;&nbsp;&nbsp;&nbsp;&nbsp; Tel :&nbsp; 06 83 28 98 36<\/p>\t\t\t\t\t\t<\/div>\n\t\t\t\t<\/div>\n\t\t\t\t<div class=\"elementor-element elementor-element-c9db230 elementor-widget elementor-widget-button\" data-id=\"c9db230\" data-element_type=\"widget\" data-widget_type=\"button.default\">\n\t\t\t\t<div class=\"elementor-widget-container\">\n\t\t\t\t\t<div class=\"elementor-button-wrapper\">\n\t\t\t<a class=\"elementor-button elementor-button-link elementor-size-sm\" href=\"https:\/\/menneteaudeduit.fr\/wp-content\/uploads\/2023\/12\/Contrat-de-Formation-22Quel-arbre-etes-vous-Developper-votre-personnalite22-1.pdf\">\n\t\t\t\t\t\t<span class=\"elementor-button-content-wrapper\">\n\t\t\t\t\t\t\t\t\t<span class=\"elementor-button-text\">Pour s'inscrire<\/span>\n\t\t\t\t\t<\/span>\n\t\t\t\t\t<\/a>\n\t\t<\/div>\n\t\t\t\t<\/div>\n\t\t\t\t<\/div>\n\t\t\t\t\t<\/div>\n\t\t<\/div>\n\t\t\t\t\t<\/div>\n\t\t<\/section>\n\t\t\t\t<section class=\"elementor-section elementor-top-section elementor-element elementor-element-78b659a elementor-section-boxed elementor-section-height-default elementor-section-height-default\" data-id=\"78b659a\" data-element_type=\"section\">\n\t\t\t\t\t\t<div class=\"elementor-container elementor-column-gap-default\">\n\t\t\t\t\t<div class=\"elementor-column elementor-col-100 elementor-top-column elementor-element elementor-element-21c8df3\" data-id=\"21c8df3\" data-element_type=\"column\">\n\t\t\t<div class=\"elementor-widget-wrap\">\n\t\t\t\t\t\t\t<\/div>\n\t\t<\/div>\n\t\t\t\t\t<\/div>\n\t\t<\/section>\n\t\t\t\t<section class=\"elementor-section elementor-top-section elementor-element elementor-element-f5d3847 elementor-section-boxed elementor-section-height-default elementor-section-height-default\" data-id=\"f5d3847\" data-element_type=\"section\">\n\t\t\t\t\t\t<div class=\"elementor-container elementor-column-gap-default\">\n\t\t\t\t\t<div class=\"elementor-column elementor-col-100 elementor-top-column elementor-element elementor-element-b571c07\" data-id=\"b571c07\" data-element_type=\"column\">\n\t\t\t<div class=\"elementor-widget-wrap elementor-element-populated\">\n\t\t\t\t\t\t<div class=\"elementor-element elementor-element-e6dc8cc elementor-widget elementor-widget-image\" data-id=\"e6dc8cc\" data-element_type=\"widget\" data-widget_type=\"image.default\">\n\t\t\t\t<div class=\"elementor-widget-container\">\n\t\t\t\t\t\t\t\t\t\t\t\t\t<img decoding=\"async\" width=\"1024\" height=\"617\" src=\"https:\/\/menneteaudeduit.fr\/wp-content\/uploads\/2023\/10\/Facebook-site-web-1024x617.png\" class=\"attachment-large size-large wp-image-2839\" alt=\"\" srcset=\"https:\/\/menneteaudeduit.fr\/wp-content\/uploads\/2023\/10\/Facebook-site-web-1024x617.png 1024w, https:\/\/menneteaudeduit.fr\/wp-content\/uploads\/2023\/10\/Facebook-site-web-300x181.png 300w, https:\/\/menneteaudeduit.fr\/wp-content\/uploads\/2023\/10\/Facebook-site-web-768x463.png 768w, https:\/\/menneteaudeduit.fr\/wp-content\/uploads\/2023\/10\/Facebook-site-web.png 1072w\" sizes=\"(max-width: 1024px) 100vw, 1024px\" \/>\t\t\t\t\t\t\t\t\t\t\t\t\t<\/div>\n\t\t\t\t<\/div>\n\t\t\t\t\t<\/div>\n\t\t<\/div>\n\t\t\t\t\t<\/div>\n\t\t<\/section>\n\t\t\t\t<section class=\"elementor-section elementor-top-section elementor-element elementor-element-09d4d1b elementor-section-boxed elementor-section-height-default elementor-section-height-default\" data-id=\"09d4d1b\" data-element_type=\"section\">\n\t\t\t\t\t\t<div class=\"elementor-container elementor-column-gap-default\">\n\t\t\t\t\t<div class=\"elementor-column elementor-col-100 elementor-top-column elementor-element elementor-element-b19a0ca\" data-id=\"b19a0ca\" data-element_type=\"column\">\n\t\t\t<div class=\"elementor-widget-wrap elementor-element-populated\">\n\t\t\t\t\t\t<div class=\"elementor-element elementor-element-1996ead elementor-widget elementor-widget-text-editor\" data-id=\"1996ead\" data-element_type=\"widget\" data-widget_type=\"text-editor.default\">\n\t\t\t\t<div class=\"elementor-widget-container\">\n\t\t\t\t\t\t\t<h3 style=\"font-weight: 400;\"><strong>\u00ab\u00a0Apprendre \u00e0 g\u00e9rer son Hypersensibilit\u00e9 avec Sagesse\u00a0\u00bb<\/strong><\/h3><p style=\"font-weight: 400;\">Samedi 9 d\u00e9cembre 2023 &#8211; 28 rue Louis DAQUIN \u00e0 BOURGES 18000<\/p><p style=\"font-weight: 400;\"><strong>\u00a0<\/strong>L\u2019hypersensibilit\u00e9 est une qualit\u00e9 extraordinaire qui, lorsqu&rsquo;elle est comprise et g\u00e9r\u00e9e de mani\u00e8re appropri\u00e9e, peut devenir une source de force et d&rsquo;\u00e9panouissement personnel. Notre formation \u00ab\u00a0\u00c9panouissement personnel : G\u00e9rer son Hypersensibilit\u00e9 avec Sagesse\u00a0\u00bb est con\u00e7ue pour vous aider \u00e0 explorer et \u00e0 ma\u00eetriser votre hypersensibilit\u00e9.<\/p><p style=\"font-weight: 400;\">Au cours de cette formation de 6 heures, vous d\u00e9couvrirez les fondements de l&rsquo;hypersensibilit\u00e9, ses diff\u00e9rentes manifestations, et comment elle peut influencer votre vie quotidienne.<\/p><p style=\"font-weight: 400;\">Vous acquerrez des comp\u00e9tences essentielles pour comprendre vos \u00e9motions, r\u00e9guler vos r\u00e9ponses aux stimuli sensoriels, et am\u00e9liorer vos comp\u00e9tences en communication interpersonnelle.<\/p><p style=\"font-weight: 400;\">Les exercices pratiques inclus dans cette formation vous permettront d&rsquo;appliquer imm\u00e9diatement ce que vous apprenez.<\/p><p style=\"font-weight: 400;\">Vous apprendrez \u00e0 cr\u00e9er un environnement apaisant, \u00e0 g\u00e9rer les conflits de mani\u00e8re constructive et \u00e0 \u00e9laborer un plan personnel de gestion de l&rsquo;hypersensibilit\u00e9 pour un avenir plus \u00e9quilibr\u00e9 et \u00e9panoui.<\/p><p style=\"font-weight: 400;\">Rejoignez notre formation et d\u00e9couvrez comment transformer votre hypersensibilit\u00e9 en un atout pr\u00e9cieux pour votre vie personnelle et professionnelle.<\/p><p style=\"font-weight: 400;\">Vous serez guid\u00e9(e) par des professionnelles du d\u00e9veloppement personnel exp\u00e9riment\u00e9es et aurez l&rsquo;occasion de partager vos exp\u00e9riences avec d&rsquo;autres personnes hypersensibles, cr\u00e9ant ainsi une communaut\u00e9 de soutien et de compr\u00e9hension mutuelle.<\/p><p style=\"font-weight: 400;\">Cette formation \u00ab\u00a0g\u00e9rer son Hypersensibilit\u00e9 avec Sagesse\u00a0\u00bb est une opportunit\u00e9 unique de mieux vous comprendre, de renforcer vos comp\u00e9tences \u00e9motionnelles et relationnelles, et d&rsquo;atteindre un niveau sup\u00e9rieur de bien-\u00eatre personnel.<\/p><p style=\"font-weight: 400;\">Rejoignez-nous pour cette aventure de d\u00e9couverte de soi et d&rsquo;auto-am\u00e9lioration.<\/p><p style=\"font-weight: 400;\"><strong>LE CONTENU DE LA FORMATAION <\/strong><\/p><ol><li>Qu&rsquo;est-ce que l&rsquo;hypersensibilit\u00e9 ?<\/li><li>Quels sont les diff\u00e9rents types d&rsquo;hypersensibilit\u00e9 (\u00e9motionnelle, sensorielle, etc.).<\/li><li>Les signes et sympt\u00f4mes de l&rsquo;hypersensibilit\u00e9.<\/li><li>Les causes potentielles de l&rsquo;hypersensibilit\u00e9.<\/li><li>L&rsquo;impact de l&rsquo;hypersensibilit\u00e9 sur la vie quotidienne.<\/li><li>Comprendre l&rsquo;impact des stimuli sensoriels sur l&rsquo;hypersensibilit\u00e9<\/li><li>Apprendre \u00e0 g\u00e9rer les stimuli sensoriels de mani\u00e8re efficace pour une vie plus harmonieuse<\/li><\/ol><p style=\"font-weight: 400;\"><strong>LES ACTIVITES<\/strong><\/p><ul><li>Vous ferez votre questionnaire d\u2019Auto-\u00e9valuation de votre hypersensibilit\u00e9.<\/li><li>Vous ferez l\u2019exp\u00e9rience du r\u00eave \u00e9veill\u00e9 libre et d\u00e9couvrirez les symboles th\u00e9rapeutiques et transformateurs de votre inconscient.<\/li><li>Vous suivrez une guidance m\u00e9taphorique apaisante et r\u00e9paratrice en lien avec l\u2019hypersensibilit\u00e9.<\/li><li>Vous partagerez une hypnoR\u00e9sonance collective en rep\u00e9rant le poids des mots sur les \u00e9motions gr\u00e2ce \u00e0 la langue des oiseaux th\u00e9rapeutique \u2013 LDOT &#8211;<\/li><li>Vous apprendrez \u00e0 utiliser la version optimiste des mots et des \u00e9motions pour am\u00e9liorer une situation propos\u00e9e collectivement et proc\u00e8derez \u00e0 l\u2019analyse th\u00e9rapeutique des ressentis individuels et collectifs des participants.<\/li><\/ul><p style=\"font-weight: 400;\">A l\u2019issue de ces 6h CHRONO \u00e0 la gestion de votre hypersensibilit\u00e9 avec sagesse vous serez pr\u00eat(e) \u00e0 poursuivre votre chemin de vie avec optimisme et d\u00e9termination.<\/p><h4 style=\"font-weight: 400;\"><strong>Tarifs<\/strong><\/h4><ul><li style=\"font-weight: 400;\">Adh\u00e9rent \u00e0 l\u2019association Vivre en Douceur &#8211; VED : 75 \u20ac<\/li><li style=\"font-weight: 400;\">Non adh\u00e9rent : 120 \u20ac<\/li><\/ul><p style=\"font-weight: 400;\">Adh\u00e9sion annuelle VED, saison 2023 &#8211; 2024 : 25\u20ac<\/p><p style=\"font-weight: 400;\"><strong><em>Sur inscription uniquement au plus tard le 1 er d\u00e9cembre 2023<\/em><\/strong><\/p><p><strong>+ D&rsquo;Infos<\/strong><\/p><p>T\u00e9l : \u00a006 83 28 98 36 \u00a0 \u00a0 \u00a0 \u00a0 \u00a0 \u00a0 \u00a0 \u00a0 \u00a0 \u00a0 \u00a0 \u00a0 \u00a0 \u00a0 \u00a0 \u00a0 \u00a0 \u00a0 \u00a0 \u00a0 \u00a0 \u00a0 \u00a0 \u00a0 \u00a0 \u00a0 \u00a0 \u00a0 \u00a0 \u00a0 \u00a0 \u00a0 \u00a0 \u00a0 \u00a0 \u00a0 \u00a0 \u00a0 \u00a0 \u00a0 \u00a0 \u00a0 \u00a0 \u00a0 \u00a0 \u00a0 \u00a0 \u00a0 \u00a0 \u00a0 \u00a0 \u00a0 \u00a0 \u00a0 \u00a0 \u00a0 \u00a0 \u00a0 \u00a0 \u00a0 \u00a0 \u00a0 \u00a0 \u00a0 \u00a0 \u00a0 \u00a0 \u00a0 \u00a0 \u00a0 \u00a0 \u00a0 \u00a0 \u00a0 \u00a0 \u00a0 \u00a0 \u00a0 \u00a0 \u00a0 \u00a0psychorel.bourges18@gmail.com<\/p><p style=\"font-weight: 400;\">\u00a0<\/p>\t\t\t\t\t\t<\/div>\n\t\t\t\t<\/div>\n\t\t\t\t<div class=\"elementor-element elementor-element-6035020 elementor-widget elementor-widget-button\" data-id=\"6035020\" data-element_type=\"widget\" data-widget_type=\"button.default\">\n\t\t\t\t<div class=\"elementor-widget-container\">\n\t\t\t\t\t<div class=\"elementor-button-wrapper\">\n\t\t\t<a class=\"elementor-button elementor-button-link elementor-size-sm\" href=\"https:\/\/menneteaudeduit.fr\/wp-content\/uploads\/2023\/10\/Contrat-de-Formation-22Apprenez-a-Gerer-votre-hypersensibilite-avec-sagesse22.pdf\">\n\t\t\t\t\t\t<span class=\"elementor-button-content-wrapper\">\n\t\t\t\t\t\t\t\t\t<span class=\"elementor-button-text\">Pour s'inscrire<\/span>\n\t\t\t\t\t<\/span>\n\t\t\t\t\t<\/a>\n\t\t<\/div>\n\t\t\t\t<\/div>\n\t\t\t\t<\/div>\n\t\t\t\t\t<\/div>\n\t\t<\/div>\n\t\t\t\t\t<\/div>\n\t\t<\/section>\n\t\t\t\t<\/div>\n\t\t","protected":false},"excerpt":{"rendered":"<p>\u00ab&nbsp;6H CHRONO pour mettre le focus sur soi \u00bb Inscription au plus tard le 30 janvier 2024 Durant ces 6 heures, Marie-France Cornavin, professeur de yoga et m\u00e9ditation et Martine MENNETEAU-DEDUIT, psychopraticienne analytique, intervenantes en formations, vous accompagneront dans le d\u00e9veloppement de votre arbre de personnalit\u00e9. &nbsp;PR\u00c9SENTATION DU STAGE &nbsp;Ce stage vous surprendra par sa&hellip;&nbsp;<a href=\"https:\/\/menneteaudeduit.fr\/index.php\/formations-et-ateliers-en-cours\/formation-tarot-de-marseille-therapeutique\/\" class=\"\" rel=\"bookmark\">Lire la suite &raquo;<span class=\"screen-reader-text\">Formations \u00ab\u00a06 H CHRONO\u00a0\u00bb<\/span><\/a><\/p>\n","protected":false},"author":2,"featured_media":0,"parent":97,"menu_order":0,"comment_status":"closed","ping_status":"closed","template":"","meta":{"neve_meta_sidebar":"","neve_meta_container":"","neve_meta_enable_content_width":"","neve_meta_content_width":0,"neve_meta_title_alignment":"","neve_meta_author_avatar":"","neve_post_elements_order":"","neve_meta_disable_header":"","neve_meta_disable_footer":"","neve_meta_disable_title":"","footnotes":""},"_links":{"self":[{"href":"https:\/\/menneteaudeduit.fr\/index.php\/wp-json\/wp\/v2\/pages\/708"}],"collection":[{"href":"https:\/\/menneteaudeduit.fr\/index.php\/wp-json\/wp\/v2\/pages"}],"about":[{"href":"https:\/\/menneteaudeduit.fr\/index.php\/wp-json\/wp\/v2\/types\/page"}],"author":[{"embeddable":true,"href":"https:\/\/menneteaudeduit.fr\/index.php\/wp-json\/wp\/v2\/users\/2"}],"replies":[{"embeddable":true,"href":"https:\/\/menneteaudeduit.fr\/index.php\/wp-json\/wp\/v2\/comments?post=708"}],"version-history":[{"count":187,"href":"https:\/\/menneteaudeduit.fr\/index.php\/wp-json\/wp\/v2\/pages\/708\/revisions"}],"predecessor-version":[{"id":2949,"href":"https:\/\/menneteaudeduit.fr\/index.php\/wp-json\/wp\/v2\/pages\/708\/revisions\/2949"}],"up":[{"embeddable":true,"href":"https:\/\/menneteaudeduit.fr\/index.php\/wp-json\/wp\/v2\/pages\/97"}],"wp:attachment":[{"href":"https:\/\/menneteaudeduit.fr\/index.php\/wp-json\/wp\/v2\/media?parent=708"}],"curies":[{"name":"wp","href":"https:\/\/api.w.org\/{rel}","templated":true}]}}