{"id":97,"date":"2021-02-13T16:06:05","date_gmt":"2021-02-13T15:06:05","guid":{"rendered":"http:\/\/menneteaudeduit.fr\/?page_id=97"},"modified":"2023-06-05T19:25:39","modified_gmt":"2023-06-05T17:25:39","slug":"formations-et-ateliers-en-cours","status":"publish","type":"page","link":"https:\/\/menneteaudeduit.fr\/index.php\/formations-et-ateliers-en-cours\/","title":{"rendered":"Formations"},"content":{"rendered":"\t\t<div data-elementor-type=\"wp-page\" data-elementor-id=\"97\" class=\"elementor elementor-97\">\n\t\t\t\t\t\t<section class=\"elementor-section elementor-top-section elementor-element elementor-element-ccbdbe3 elementor-section-boxed elementor-section-height-default elementor-section-height-default\" data-id=\"ccbdbe3\" data-element_type=\"section\">\n\t\t\t\t\t\t<div class=\"elementor-container elementor-column-gap-default\">\n\t\t\t\t\t<div class=\"elementor-column elementor-col-25 elementor-top-column elementor-element elementor-element-e2178a6\" data-id=\"e2178a6\" data-element_type=\"column\">\n\t\t\t<div class=\"elementor-widget-wrap elementor-element-populated\">\n\t\t\t\t\t\t\t<\/div>\n\t\t<\/div>\n\t\t\t\t<div class=\"elementor-column elementor-col-50 elementor-top-column elementor-element elementor-element-8ae05d0\" data-id=\"8ae05d0\" data-element_type=\"column\">\n\t\t\t<div class=\"elementor-widget-wrap elementor-element-populated\">\n\t\t\t\t\t\t<div class=\"elementor-element elementor-element-6aaabf9 elementor-widget elementor-widget-heading\" data-id=\"6aaabf9\" data-element_type=\"widget\" data-widget_type=\"heading.default\">\n\t\t\t\t<div class=\"elementor-widget-container\">\n\t\t\t<style>\/*! elementor - v3.21.0 - 26-05-2024 *\/\n.elementor-heading-title{padding:0;margin:0;line-height:1}.elementor-widget-heading .elementor-heading-title[class*=elementor-size-]>a{color:inherit;font-size:inherit;line-height:inherit}.elementor-widget-heading .elementor-heading-title.elementor-size-small{font-size:15px}.elementor-widget-heading .elementor-heading-title.elementor-size-medium{font-size:19px}.elementor-widget-heading .elementor-heading-title.elementor-size-large{font-size:29px}.elementor-widget-heading .elementor-heading-title.elementor-size-xl{font-size:39px}.elementor-widget-heading .elementor-heading-title.elementor-size-xxl{font-size:59px}<\/style><h2 class=\"elementor-heading-title elementor-size-default\">Prochaines dates de formation<\/h2>\t\t<\/div>\n\t\t\t\t<\/div>\n\t\t\t\t<div class=\"elementor-element elementor-element-55e066d elementor-widget elementor-widget-image\" data-id=\"55e066d\" data-element_type=\"widget\" data-widget_type=\"image.default\">\n\t\t\t\t<div class=\"elementor-widget-container\">\n\t\t\t<style>\/*! elementor - v3.21.0 - 26-05-2024 *\/\n.elementor-widget-image{text-align:center}.elementor-widget-image a{display:inline-block}.elementor-widget-image a img[src$=\".svg\"]{width:48px}.elementor-widget-image img{vertical-align:middle;display:inline-block}<\/style>\t\t\t\t\t\t\t\t\t\t<img fetchpriority=\"high\" decoding=\"async\" width=\"1024\" height=\"373\" src=\"https:\/\/menneteaudeduit.fr\/wp-content\/uploads\/2023\/01\/photo1-1024x373.jpg\" class=\"attachment-large size-large wp-image-665\" alt=\"\" srcset=\"https:\/\/menneteaudeduit.fr\/wp-content\/uploads\/2023\/01\/photo1-1024x373.jpg 1024w, https:\/\/menneteaudeduit.fr\/wp-content\/uploads\/2023\/01\/photo1-300x109.jpg 300w, https:\/\/menneteaudeduit.fr\/wp-content\/uploads\/2023\/01\/photo1-768x280.jpg 768w, https:\/\/menneteaudeduit.fr\/wp-content\/uploads\/2023\/01\/photo1-1536x560.jpg 1536w, https:\/\/menneteaudeduit.fr\/wp-content\/uploads\/2023\/01\/elementor\/thumbs\/photo1-q0y1i7im0fz4wvyvthal1lg06a1kgoacrispj1az46.jpg 20w, https:\/\/menneteaudeduit.fr\/wp-content\/uploads\/2023\/01\/photo1.jpg 1920w\" sizes=\"(max-width: 1024px) 100vw, 1024px\" \/>\t\t\t\t\t\t\t\t\t\t\t\t\t<\/div>\n\t\t\t\t<\/div>\n\t\t\t\t\t<\/div>\n\t\t<\/div>\n\t\t\t\t<div class=\"elementor-column elementor-col-25 elementor-top-column elementor-element elementor-element-6ff0bce\" data-id=\"6ff0bce\" data-element_type=\"column\">\n\t\t\t<div class=\"elementor-widget-wrap elementor-element-populated\">\n\t\t\t\t\t\t\t<\/div>\n\t\t<\/div>\n\t\t\t\t\t<\/div>\n\t\t<\/section>\n\t\t\t\t<section class=\"elementor-section elementor-top-section elementor-element elementor-element-ec3d4df elementor-section-boxed elementor-section-height-default elementor-section-height-default\" data-id=\"ec3d4df\" data-element_type=\"section\">\n\t\t\t\t\t\t<div class=\"elementor-container elementor-column-gap-default\">\n\t\t\t\t\t<div class=\"elementor-column elementor-col-100 elementor-top-column elementor-element elementor-element-3f0eaa9\" data-id=\"3f0eaa9\" data-element_type=\"column\">\n\t\t\t<div class=\"elementor-widget-wrap elementor-element-populated\">\n\t\t\t\t\t\t<div class=\"elementor-element elementor-element-987b823 elementor-widget elementor-widget-spacer\" data-id=\"987b823\" data-element_type=\"widget\" data-widget_type=\"spacer.default\">\n\t\t\t\t<div class=\"elementor-widget-container\">\n\t\t\t<style>\/*! elementor - v3.21.0 - 26-05-2024 *\/\n.elementor-column .elementor-spacer-inner{height:var(--spacer-size)}.e-con{--container-widget-width:100%}.e-con-inner>.elementor-widget-spacer,.e-con>.elementor-widget-spacer{width:var(--container-widget-width,var(--spacer-size));--align-self:var(--container-widget-align-self,initial);--flex-shrink:0}.e-con-inner>.elementor-widget-spacer>.elementor-widget-container,.e-con>.elementor-widget-spacer>.elementor-widget-container{height:100%;width:100%}.e-con-inner>.elementor-widget-spacer>.elementor-widget-container>.elementor-spacer,.e-con>.elementor-widget-spacer>.elementor-widget-container>.elementor-spacer{height:100%}.e-con-inner>.elementor-widget-spacer>.elementor-widget-container>.elementor-spacer>.elementor-spacer-inner,.e-con>.elementor-widget-spacer>.elementor-widget-container>.elementor-spacer>.elementor-spacer-inner{height:var(--container-widget-height,var(--spacer-size))}.e-con-inner>.elementor-widget-spacer.elementor-widget-empty,.e-con>.elementor-widget-spacer.elementor-widget-empty{position:relative;min-height:22px;min-width:22px}.e-con-inner>.elementor-widget-spacer.elementor-widget-empty .elementor-widget-empty-icon,.e-con>.elementor-widget-spacer.elementor-widget-empty .elementor-widget-empty-icon{position:absolute;top:0;bottom:0;left:0;right:0;margin:auto;padding:0;width:22px;height:22px}<\/style>\t\t<div class=\"elementor-spacer\">\n\t\t\t<div class=\"elementor-spacer-inner\"><\/div>\n\t\t<\/div>\n\t\t\t\t<\/div>\n\t\t\t\t<\/div>\n\t\t\t\t<div class=\"elementor-element elementor-element-55a3582 elementor-widget elementor-widget-text-editor\" data-id=\"55a3582\" data-element_type=\"widget\" data-widget_type=\"text-editor.default\">\n\t\t\t\t<div class=\"elementor-widget-container\">\n\t\t\t<style>\/*! elementor - v3.21.0 - 26-05-2024 *\/\n.elementor-widget-text-editor.elementor-drop-cap-view-stacked .elementor-drop-cap{background-color:#69727d;color:#fff}.elementor-widget-text-editor.elementor-drop-cap-view-framed .elementor-drop-cap{color:#69727d;border:3px solid;background-color:transparent}.elementor-widget-text-editor:not(.elementor-drop-cap-view-default) .elementor-drop-cap{margin-top:8px}.elementor-widget-text-editor:not(.elementor-drop-cap-view-default) .elementor-drop-cap-letter{width:1em;height:1em}.elementor-widget-text-editor .elementor-drop-cap{float:left;text-align:center;line-height:1;font-size:50px}.elementor-widget-text-editor .elementor-drop-cap-letter{display:inline-block}<\/style>\t\t\t\t<h4><strong>\u00ab\u00a0Le sens cach\u00e9 des mots et des lettres\u00a0\u00bb<\/strong><\/h4><p>Comment renforcer son intelligence \u00e9motionnelle en d\u00e9veloppant sa capacit\u00e9 d\u2019\u00e9coute du sens cach\u00e9 des mots et des lettres\u00a0? La Langue Des Oiseaux Th\u00e9rapeutique &#8211; LDOT d\u00e9veloppe les comp\u00e9tences relationnelles tout en gardant une juste distance avec les \u00e9motions. Conna\u00eetre l\u2019intention cach\u00e9e au c\u0153ur des mots, en percevoir le sens offre \u00e0 chacun.e un nouvel axe de connaissance et de progression personnelle, professionnelle et spirituelle.<\/p>\t\t\t\t\t\t<\/div>\n\t\t\t\t<\/div>\n\t\t\t\t<section class=\"elementor-section elementor-inner-section elementor-element elementor-element-277e8e0 elementor-section-boxed elementor-section-height-default elementor-section-height-default\" data-id=\"277e8e0\" data-element_type=\"section\">\n\t\t\t\t\t\t<div class=\"elementor-container elementor-column-gap-default\">\n\t\t\t\t\t<div class=\"elementor-column elementor-col-50 elementor-inner-column elementor-element elementor-element-c46f194\" data-id=\"c46f194\" data-element_type=\"column\">\n\t\t\t<div class=\"elementor-widget-wrap elementor-element-populated\">\n\t\t\t\t\t\t<div class=\"elementor-element elementor-element-b237812 elementor-widget elementor-widget-image\" data-id=\"b237812\" data-element_type=\"widget\" data-widget_type=\"image.default\">\n\t\t\t\t<div class=\"elementor-widget-container\">\n\t\t\t\t\t\t\t\t\t\t\t\t\t<img decoding=\"async\" width=\"1024\" height=\"690\" src=\"https:\/\/menneteaudeduit.fr\/wp-content\/uploads\/2023\/01\/Pour-site-wordpress-Groupe-41-a-Prendre-copie-1024x690.jpg\" class=\"attachment-large size-large wp-image-861\" alt=\"\" srcset=\"https:\/\/menneteaudeduit.fr\/wp-content\/uploads\/2023\/01\/Pour-site-wordpress-Groupe-41-a-Prendre-copie-1024x690.jpg 1024w, https:\/\/menneteaudeduit.fr\/wp-content\/uploads\/2023\/01\/Pour-site-wordpress-Groupe-41-a-Prendre-copie-300x202.jpg 300w, https:\/\/menneteaudeduit.fr\/wp-content\/uploads\/2023\/01\/Pour-site-wordpress-Groupe-41-a-Prendre-copie-768x517.jpg 768w, https:\/\/menneteaudeduit.fr\/wp-content\/uploads\/2023\/01\/Pour-site-wordpress-Groupe-41-a-Prendre-copie-1536x1035.jpg 1536w, https:\/\/menneteaudeduit.fr\/wp-content\/uploads\/2023\/01\/Pour-site-wordpress-Groupe-41-a-Prendre-copie-2048x1379.jpg 2048w\" sizes=\"(max-width: 1024px) 100vw, 1024px\" \/>\t\t\t\t\t\t\t\t\t\t\t\t\t<\/div>\n\t\t\t\t<\/div>\n\t\t\t\t\t<\/div>\n\t\t<\/div>\n\t\t\t\t<div class=\"elementor-column elementor-col-50 elementor-inner-column elementor-element elementor-element-dabb8e0\" data-id=\"dabb8e0\" data-element_type=\"column\">\n\t\t\t<div class=\"elementor-widget-wrap elementor-element-populated\">\n\t\t\t\t\t\t<div class=\"elementor-element elementor-element-2faed92 elementor-widget elementor-widget-text-editor\" data-id=\"2faed92\" data-element_type=\"widget\" data-widget_type=\"text-editor.default\">\n\t\t\t\t<div class=\"elementor-widget-container\">\n\t\t\t\t\t\t\t<h2 style=\"text-align: center;\"><strong>Devenez h\u00f4te \u00a0<\/strong><\/h2><p>Faites comme Am\u00e9lie, organisez un groupe de travail dans votre ville et b\u00e9n\u00e9ficiez de la gratuit\u00e9 totale de la formation.<\/p><p>Groupe de 14 personnes maximum ! <em>(Forfait frais de d\u00e9placement en + selon r\u00e9gion)\u00a0<\/em><\/p><p>Am\u00e9lie, psycho-praticienne et formatrice en Harmonisation globale dans le Loir et Cher &#8211; 41 &#8211; \u00a0a constitu\u00e9 un groupe de personnes aux profils diff\u00e9rents. De belles rencontres pour un temps fort, celui de comprendre et d&rsquo;analyser le sens des mots pour la transformation des maux.\u00a0<span style=\"font-family: var( --e-global-typography-text-font-family ), Sans-serif; letter-spacing: 0em; background-color: var(--nv-site-bg);\">Deux jours de communication optimiste, d&rsquo;\u00e2me \u00e0 \u00e2me.\u00a0<\/span><\/p>\t\t\t\t\t\t<\/div>\n\t\t\t\t<\/div>\n\t\t\t\t<div class=\"elementor-element elementor-element-405e72f elementor-align-center elementor-widget elementor-widget-button\" data-id=\"405e72f\" data-element_type=\"widget\" data-widget_type=\"button.default\">\n\t\t\t\t<div class=\"elementor-widget-container\">\n\t\t\t\t\t<div class=\"elementor-button-wrapper\">\n\t\t\t<a class=\"elementor-button elementor-button-link elementor-size-sm\" href=\"https:\/\/menneteaudeduit.fr\/index.php\/contacts\/\">\n\t\t\t\t\t\t<span class=\"elementor-button-content-wrapper\">\n\t\t\t\t\t\t<span class=\"elementor-button-icon elementor-align-icon-left\">\n\t\t\t\t<i aria-hidden=\"true\" class=\"far fa-envelope\"><\/i>\t\t\t<\/span>\n\t\t\t\t\t\t\t\t\t<span class=\"elementor-button-text\">Contactez-moi<\/span>\n\t\t\t\t\t<\/span>\n\t\t\t\t\t<\/a>\n\t\t<\/div>\n\t\t\t\t<\/div>\n\t\t\t\t<\/div>\n\t\t\t\t\t<\/div>\n\t\t<\/div>\n\t\t\t\t\t<\/div>\n\t\t<\/section>\n\t\t\t\t\t<\/div>\n\t\t<\/div>\n\t\t\t\t\t<\/div>\n\t\t<\/section>\n\t\t\t\t<\/div>\n\t\t","protected":false},"excerpt":{"rendered":"<p>Prochaines dates de formation \u00ab\u00a0Le sens cach\u00e9 des mots et des lettres\u00a0\u00bb Comment renforcer son intelligence \u00e9motionnelle en d\u00e9veloppant sa capacit\u00e9 d\u2019\u00e9coute du sens cach\u00e9 des mots et des lettres\u00a0? La Langue Des Oiseaux Th\u00e9rapeutique &#8211; LDOT d\u00e9veloppe les comp\u00e9tences relationnelles tout en gardant une juste distance avec les \u00e9motions. Conna\u00eetre l\u2019intention cach\u00e9e au c\u0153ur&hellip;&nbsp;<a href=\"https:\/\/menneteaudeduit.fr\/index.php\/formations-et-ateliers-en-cours\/\" class=\"\" rel=\"bookmark\">Lire la suite &raquo;<span class=\"screen-reader-text\">Formations<\/span><\/a><\/p>\n","protected":false},"author":2,"featured_media":0,"parent":0,"menu_order":0,"comment_status":"closed","ping_status":"closed","template":"","meta":{"neve_meta_sidebar":"","neve_meta_container":"","neve_meta_enable_content_width":"","neve_meta_content_width":0,"neve_meta_title_alignment":"","neve_meta_author_avatar":"","neve_post_elements_order":"","neve_meta_disable_header":"","neve_meta_disable_footer":"","neve_meta_disable_title":"","footnotes":""},"_links":{"self":[{"href":"https:\/\/menneteaudeduit.fr\/index.php\/wp-json\/wp\/v2\/pages\/97"}],"collection":[{"href":"https:\/\/menneteaudeduit.fr\/index.php\/wp-json\/wp\/v2\/pages"}],"about":[{"href":"https:\/\/menneteaudeduit.fr\/index.php\/wp-json\/wp\/v2\/types\/page"}],"author":[{"embeddable":true,"href":"https:\/\/menneteaudeduit.fr\/index.php\/wp-json\/wp\/v2\/users\/2"}],"replies":[{"embeddable":true,"href":"https:\/\/menneteaudeduit.fr\/index.php\/wp-json\/wp\/v2\/comments?post=97"}],"version-history":[{"count":65,"href":"https:\/\/menneteaudeduit.fr\/index.php\/wp-json\/wp\/v2\/pages\/97\/revisions"}],"predecessor-version":[{"id":2632,"href":"https:\/\/menneteaudeduit.fr\/index.php\/wp-json\/wp\/v2\/pages\/97\/revisions\/2632"}],"wp:attachment":[{"href":"https:\/\/menneteaudeduit.fr\/index.php\/wp-json\/wp\/v2\/media?parent=97"}],"curies":[{"name":"wp","href":"https:\/\/api.w.org\/{rel}","templated":true}]}}